{"id":1304,"date":"2025-06-04T17:02:39","date_gmt":"2025-06-04T09:02:39","guid":{"rendered":"https:\/\/www.bestainav.com\/?page_id=1304"},"modified":"2025-07-11T19:03:57","modified_gmt":"2025-07-11T11:03:57","slug":"contact","status":"publish","type":"page","link":"https:\/\/www.bestainav.com\/fr\/contact","title":{"rendered":"Nous contacter"},"content":{"rendered":"<p>Si vous avez des suggestions, des commentaires ou des demandes de collaboration concernant notre site, n'h\u00e9sitez pas \u00e0 nous contacter par le biais des m\u00e9thodes ci-dessous. Nous nous r\u00e9jouissons de pouvoir \u00e9tablir une communication et une collaboration afin de cr\u00e9er ensemble une meilleure exp\u00e9rience utilisateur.<\/p>\n\n\n\n<hr class=\"wp-block-separator has-alpha-channel-opacity\"\/>\n\n\n\n<h3 class=\"wp-block-heading\">Email\uff1a<\/h3>\n\n\n\n<ul class=\"wp-block-list\">\n<li><\/li>\n<\/ul>\n\n\n\n<p>Nous r\u00e9pondrons \u00e0 votre message dans un d\u00e9lai de 1 \u00e0 2 jours ouvrables.<\/p>","protected":false},"excerpt":{"rendered":"<p>Si vous avez des suggestions, des commentaires ou des demandes de collaboration concernant notre site, n'h\u00e9sitez pas \u00e0 nous contacter par le biais des m\u00e9thodes ci-dessous. Nous nous r\u00e9jouissons de pouvoir \u00e9tablir une communication et une collaboration afin de cr\u00e9er ensemble une meilleure exp\u00e9rience utilisateur. Email\uff1a Nous r\u00e9pondrons \u00e0 votre message dans un d\u00e9lai de 1 \u00e0 2 jours ouvrables.<\/p>","protected":false},"author":1,"featured_media":0,"parent":0,"menu_order":0,"comment_status":"closed","ping_status":"closed","template":"","meta":{"seo_description":"","seo_keywords":"","_glsr_average":0,"_glsr_ranking":0,"_glsr_reviews":0},"class_list":["post-1304","page","type-page","status-publish","hentry"],"_links":{"self":[{"href":"https:\/\/www.bestainav.com\/fr\/wp-json\/wp\/v2\/pages\/1304","targetHints":{"allow":["GET"]}}],"collection":[{"href":"https:\/\/www.bestainav.com\/fr\/wp-json\/wp\/v2\/pages"}],"about":[{"href":"https:\/\/www.bestainav.com\/fr\/wp-json\/wp\/v2\/types\/page"}],"author":[{"embeddable":true,"href":"https:\/\/www.bestainav.com\/fr\/wp-json\/wp\/v2\/users\/1"}],"replies":[{"embeddable":true,"href":"https:\/\/www.bestainav.com\/fr\/wp-json\/wp\/v2\/comments?post=1304"}],"version-history":[{"count":0,"href":"https:\/\/www.bestainav.com\/fr\/wp-json\/wp\/v2\/pages\/1304\/revisions"}],"wp:attachment":[{"href":"https:\/\/www.bestainav.com\/fr\/wp-json\/wp\/v2\/media?parent=1304"}],"curies":[{"name":"wp","href":"https:\/\/api.w.org\/{rel}","templated":true}]}}