{"id":1304,"date":"2025-06-04T17:02:39","date_gmt":"2025-06-04T09:02:39","guid":{"rendered":"https:\/\/www.bestainav.com\/?page_id=1304"},"modified":"2025-07-11T19:03:57","modified_gmt":"2025-07-11T11:03:57","slug":"pongase-en-contacto-con","status":"publish","type":"page","link":"https:\/\/www.bestainav.com\/es\/pongase-en-contacto-con","title":{"rendered":"P\u00f3ngase en contacto con nosotros"},"content":{"rendered":"<p>Si tiene alguna sugerencia, comentario o solicitud de colaboraci\u00f3n en relaci\u00f3n con nuestro sitio, no dude en ponerse en contacto con nosotros a trav\u00e9s de los m\u00e9todos que se indican a continuaci\u00f3n. Esperamos establecer comunicaci\u00f3n y colaboraci\u00f3n para crear juntos una mejor experiencia de usuario.<\/p>\n\n\n\n<hr class=\"wp-block-separator has-alpha-channel-opacity\"\/>\n\n\n\n<h3 class=\"wp-block-heading\">Correo electr\u00f3nico\uff1a<\/h3>\n\n\n\n<ul class=\"wp-block-list\">\n<li><\/li>\n<\/ul>\n\n\n\n<p>Responderemos a su mensaje en un plazo de 1 a 2 d\u00edas laborables.<\/p>","protected":false},"excerpt":{"rendered":"<p>Si tiene alguna sugerencia, comentario o solicitud de colaboraci\u00f3n en relaci\u00f3n con nuestro sitio, no dude en ponerse en contacto con nosotros a trav\u00e9s de los m\u00e9todos que se indican a continuaci\u00f3n. Esperamos establecer comunicaci\u00f3n y colaboraci\u00f3n para crear juntos una mejor experiencia de usuario. Correo electr\u00f3nico\uff1a Responderemos a su mensaje en un plazo de 1-2 d\u00edas laborables.<\/p>","protected":false},"author":1,"featured_media":0,"parent":0,"menu_order":0,"comment_status":"closed","ping_status":"closed","template":"","meta":{"seo_description":"","seo_keywords":"","_glsr_average":0,"_glsr_ranking":0,"_glsr_reviews":0},"class_list":["post-1304","page","type-page","status-publish","hentry"],"_links":{"self":[{"href":"https:\/\/www.bestainav.com\/es\/wp-json\/wp\/v2\/pages\/1304","targetHints":{"allow":["GET"]}}],"collection":[{"href":"https:\/\/www.bestainav.com\/es\/wp-json\/wp\/v2\/pages"}],"about":[{"href":"https:\/\/www.bestainav.com\/es\/wp-json\/wp\/v2\/types\/page"}],"author":[{"embeddable":true,"href":"https:\/\/www.bestainav.com\/es\/wp-json\/wp\/v2\/users\/1"}],"replies":[{"embeddable":true,"href":"https:\/\/www.bestainav.com\/es\/wp-json\/wp\/v2\/comments?post=1304"}],"version-history":[{"count":0,"href":"https:\/\/www.bestainav.com\/es\/wp-json\/wp\/v2\/pages\/1304\/revisions"}],"wp:attachment":[{"href":"https:\/\/www.bestainav.com\/es\/wp-json\/wp\/v2\/media?parent=1304"}],"curies":[{"name":"wp","href":"https:\/\/api.w.org\/{rel}","templated":true}]}}