{"id":1871,"date":"2025-06-28T16:03:12","date_gmt":"2025-06-28T08:03:12","guid":{"rendered":"https:\/\/www.bestainav.com\/?page_id=1871"},"modified":"2025-07-11T19:05:17","modified_gmt":"2025-07-11T11:05:17","slug":"datenschutzbestimmungen","status":"publish","type":"page","link":"https:\/\/www.bestainav.com\/de\/datenschutzbestimmungen","title":{"rendered":"Datenschutzbestimmungen"},"content":{"rendered":"<p>Bitte lesen Sie diese Richtlinie sorgf\u00e4ltig durch, bevor Sie diese Website nutzen. Durch die Nutzung dieser Website erkl\u00e4ren Sie sich mit den Bedingungen dieser Datenschutzrichtlinie einverstanden.<\/p>\n\n\n\n<hr class=\"wp-block-separator has-alpha-channel-opacity\"\/>\n\n\n\n<h3 class=\"wp-block-heading\"><strong>1. Informationen, die wir sammeln<\/strong><\/h3>\n\n\n\n<p>W\u00e4hrend des Besuchs oder der Nutzung dieser Website k\u00f6nnen wir die folgenden Informationen sammeln:<\/p>\n\n\n\n<h4 class=\"wp-block-heading\">1.1 <strong>Nicht pers\u00f6nlich identifizierbare Informationen<\/strong><\/h4>\n\n\n\n<ul class=\"wp-block-list\">\n<li>Ihr Ger\u00e4tetyp, Browsertyp, Betriebssystem, IP-Adresse, Zugriffszeit und besuchte Seiten;<\/li>\n\n\n\n<li>Diese Informationen werden zur Analyse des Website-Verkehrs und zur Optimierung der Inhalte verwendet.<\/li>\n<\/ul>\n\n\n\n<h4 class=\"wp-block-heading\">1.2 <strong>Freiwillig zur Verf\u00fcgung gestellte Informationen<\/strong><\/h4>\n\n\n\n<ul class=\"wp-block-list\">\n<li>Wenn Sie Vorschl\u00e4ge und Kommentare einreichen, AI-Tools empfehlen oder uns \u00fcber Formulare kontaktieren, k\u00f6nnen wir Ihren Namen, Ihre E-Mail-Adresse, Ihre Kontaktdaten usw. erfassen.<\/li>\n\n\n\n<li>Wir fragen nicht aktiv nach sensiblen pers\u00f6nlichen Informationen. Wenn Sie solche Informationen freiwillig zur Verf\u00fcgung stellen, wird dies als Ihre Zustimmung betrachtet.<\/li>\n<\/ul>\n\n\n\n<hr class=\"wp-block-separator has-alpha-channel-opacity\"\/>\n\n\n\n<h3 class=\"wp-block-heading\"><strong>2. Wie wir die Informationen verwenden<\/strong><\/h3>\n\n\n\n<p>Der Zweck der Sammlung dieser Informationen ist es,:<\/p>\n\n\n\n<ul class=\"wp-block-list\">\n<li>Verbesserung der Qualit\u00e4t der Website-Inhalte und der Benutzerfreundlichkeit;<\/li>\n\n\n\n<li>Beantwortung Ihrer Antr\u00e4ge oder Anfragen;<\/li>\n\n\n\n<li>Verhindern Sie unbefugte Nutzung oder b\u00f6swillige Angriffe;<\/li>\n\n\n\n<li>Analysieren Sie die Besucherdaten und optimieren Sie die Struktur und die Funktionen der Website.<\/li>\n<\/ul>\n\n\n\n<p>Wir verpflichten uns, Ihre Daten nicht ohne Ihre Zustimmung f\u00fcr andere Zwecke zu verwenden.<\/p>\n\n\n\n<hr class=\"wp-block-separator has-alpha-channel-opacity\"\/>\n\n\n\n<h3 class=\"wp-block-heading\"><strong>3. Cookies und Dienste von Drittanbietern<\/strong><\/h3>\n\n\n\n<h4 class=\"wp-block-heading\">3.1 <strong>Verwendung von Cookies<\/strong><\/h4>\n\n\n\n<p>Diese Website verwendet Cookies, um Benutzereinstellungen zu speichern, Verkehrsdaten zu analysieren und die Ladezeiten der Seite zu beschleunigen.<\/p>\n\n\n\n<p>Sie k\u00f6nnen Cookies in den Einstellungen Ihres Browsers deaktivieren, aber dies kann die Funktionalit\u00e4t bestimmter Funktionen beeintr\u00e4chtigen.<\/p>\n\n\n\n<h4 class=\"wp-block-heading\">3.2 <strong>Dienstleistungen von Drittanbietern<\/strong><\/h4>\n\n\n\n<p>Diese Website kann Dienste von Drittanbietern integrieren, wie zum Beispiel:<\/p>\n\n\n\n<ul class=\"wp-block-list\">\n<li>Statistiken zum Website-Verkehr (z. B. Google Analytics);<\/li>\n\n\n\n<li>Eingebettete Links zu Tools von Drittanbietern (z. B. Weiterleitungen zu anderen AI-Tool-Seiten).<\/li>\n<\/ul>\n\n\n\n<p>Diese Dienstanbieter k\u00f6nnen Informationen \u00fcber Ihr Surfverhalten sammeln. Wir sind jedoch nicht f\u00fcr deren Datenschutzpraktiken verantwortlich und empfehlen Ihnen, deren jeweilige Datenschutzrichtlinien zu lesen.<\/p>\n\n\n\n<hr class=\"wp-block-separator has-alpha-channel-opacity\"\/>\n\n\n\n<h3 class=\"wp-block-heading\"><strong>4. Schutz von Informationen<\/strong><\/h3>\n\n\n\n<p>Wir ergreifen angemessene technische und administrative Ma\u00dfnahmen, um den Verlust, den Missbrauch, die Offenlegung oder den unbefugten Zugriff auf Benutzerinformationen zu verhindern.<\/p>\n\n\n\n<p>Bitte haben Sie jedoch Verst\u00e4ndnis daf\u00fcr, dass bei der \u00dcbertragung von Daten \u00fcber das Internet keine 100%-Sicherheit garantiert werden kann. Durch die Nutzung dieser Website erkennen Sie dieses Risiko an und akzeptieren es.<\/p>\n\n\n\n<hr class=\"wp-block-separator has-alpha-channel-opacity\"\/>\n\n\n\n<h3 class=\"wp-block-heading\"><strong>5. Weitergabe und Offenlegung von Informationen<\/strong><\/h3>\n\n\n\n<p>Wir verkaufen, vermieten, teilen oder geben Ihre Daten nicht an Dritte weiter, es sei denn:<\/p>\n\n\n\n<ul class=\"wp-block-list\">\n<li>Wir haben Ihre ausdr\u00fcckliche Genehmigung erhalten;<\/li>\n\n\n\n<li>Durch Gesetz oder Verordnung vorgeschrieben;<\/li>\n\n\n\n<li>Zum Schutz der gesetzlichen Rechte dieser Website oder der Rechte anderer Nutzer.<\/li>\n<\/ul>\n\n\n\n<hr class=\"wp-block-separator has-alpha-channel-opacity\"\/>\n\n\n\n<h3 class=\"wp-block-heading\"><strong>6. Bedingungen f\u00fcr Minderj\u00e4hrige<\/strong><\/h3>\n\n\n\n<p>Diese Website ist in erster Linie f\u00fcr voll gesch\u00e4ftsf\u00e4hige Nutzer bestimmt. Wenn Sie unter 18 Jahre alt sind, nutzen Sie diesen Dienst bitte unter der Aufsicht eines Erziehungsberechtigten.<\/p>\n\n\n\n<hr class=\"wp-block-separator has-alpha-channel-opacity\"\/>\n\n\n\n<h3 class=\"wp-block-heading\"><strong>7. Aktualisierungen der Datenschutzrichtlinie<\/strong><\/h3>\n\n\n\n<p>Wir behalten uns das Recht vor, diese Datenschutzrichtlinie bei Bedarf zu \u00fcberarbeiten. Alle aktualisierten Inhalte werden ohne weitere Ank\u00fcndigung auf dieser Seite ver\u00f6ffentlicht. Wir empfehlen Ihnen, diese Seite regelm\u00e4\u00dfig zu besuchen, um sich \u00fcber unsere neuesten Richtlinien zu informieren.<\/p>\n\n\n\n<hr class=\"wp-block-separator has-alpha-channel-opacity\"\/>\n\n\n\n<h3 class=\"wp-block-heading\"><strong>8. Kontakt<\/strong><\/h3>\n\n\n\n<p>Wenn Sie Fragen oder Anregungen zu dieser Datenschutzerkl\u00e4rung haben oder wenn Sie Ihre pers\u00f6nlichen Daten l\u00f6schen m\u00f6chten, wenden Sie sich bitte an uns:<\/p>\n\n\n\n<p>E-Mail: [Ihre E-Mail hier]<\/p>\n\n\n\n<hr class=\"wp-block-separator has-alpha-channel-opacity\"\/>\n\n\n\n<p><strong>Zuletzt aktualisiert:<\/strong> 27. Juni 2025<br>Wir danken Ihnen f\u00fcr Ihr Vertrauen!<\/p>","protected":false},"excerpt":{"rendered":"<p>Please read this policy carefully before using this website. By using this website, you agree to the terms outlined in this Privacy Policy. 1. Information We Collect In the process of visiting or using this website, we may collect the following information: 1.1 Non-Personal Identifiable Information 1.2 Voluntarily Provided Information 2. How We Use the Information The purpose of collectin &hellip;<\/p>","protected":false},"author":1,"featured_media":0,"parent":0,"menu_order":0,"comment_status":"closed","ping_status":"closed","template":"","meta":{"seo_description":"","seo_keywords":"","_glsr_average":0,"_glsr_ranking":0,"_glsr_reviews":0},"class_list":["post-1871","page","type-page","status-publish","hentry"],"_links":{"self":[{"href":"https:\/\/www.bestainav.com\/de\/wp-json\/wp\/v2\/pages\/1871","targetHints":{"allow":["GET"]}}],"collection":[{"href":"https:\/\/www.bestainav.com\/de\/wp-json\/wp\/v2\/pages"}],"about":[{"href":"https:\/\/www.bestainav.com\/de\/wp-json\/wp\/v2\/types\/page"}],"author":[{"embeddable":true,"href":"https:\/\/www.bestainav.com\/de\/wp-json\/wp\/v2\/users\/1"}],"replies":[{"embeddable":true,"href":"https:\/\/www.bestainav.com\/de\/wp-json\/wp\/v2\/comments?post=1871"}],"version-history":[{"count":0,"href":"https:\/\/www.bestainav.com\/de\/wp-json\/wp\/v2\/pages\/1871\/revisions"}],"wp:attachment":[{"href":"https:\/\/www.bestainav.com\/de\/wp-json\/wp\/v2\/media?parent=1871"}],"curies":[{"name":"wp","href":"https:\/\/api.w.org\/{rel}","templated":true}]}}