{"id":1305,"date":"2025-06-04T17:03:06","date_gmt":"2025-06-04T09:03:06","guid":{"rendered":"https:\/\/www.bestainav.com\/?page_id=1305"},"modified":"2025-07-11T19:01:48","modified_gmt":"2025-07-11T11:01:48","slug":"haftungsausschluss","status":"publish","type":"page","link":"https:\/\/www.bestainav.com\/de\/haftungsausschluss","title":{"rendered":"Haftungsausschluss"},"content":{"rendered":"<p><strong>1. Es liegt in der Natur von Online-Diensten, dass die mit dieser Website verlinkten Websites ablaufen oder gel\u00f6scht werden k\u00f6nnen, was dazu f\u00fchrt, dass sie von anderen neu registriert werden. Wir geben keine Erkl\u00e4rungen oder Garantien bez\u00fcglich der Genauigkeit oder Zuverl\u00e4ssigkeit der verlinkten Websites ab. Bitte identifizieren Sie die von Ihnen besuchten Websites sorgf\u00e4ltig und tragen Sie die Risiken selbst.<\/strong><\/p>\n\n\n\n<p><strong>2. Diese Website garantiert nicht, dass die Netzdienste den Anforderungen der Nutzer entsprechen, und sie garantiert auch nicht, dass die Dienste nicht unterbrochen werden. Wir garantieren auch nicht f\u00fcr die Aktualit\u00e4t, Sicherheit oder Genauigkeit der Netzwerkdienste.<\/strong><\/p>\n\n\n\n<p><strong>3. Diese Website \u00fcbernimmt keine Garantie f\u00fcr die Richtigkeit oder Vollst\u00e4ndigkeit der externen Links, die aus Gr\u00fcnden der Benutzerfreundlichkeit zur Verf\u00fcgung gestellt werden. Dar\u00fcber hinaus tragen wir keine Verantwortung f\u00fcr den Inhalt von Webseiten, auf die von diesen externen Links aus verwiesen wird und die nicht unter unserer Kontrolle stehen.<\/strong><\/p>\n\n\n\n<p><strong>4. Diese Website ist nicht verantwortlich f\u00fcr Verluste, die durch Ausf\u00e4lle von Telekommunikationssystemen, Internetnetzwerken, Computerfehlfunktionen, Viren, Informationsverf\u00e4lschung oder -verlust, Computersystemprobleme oder andere Ereignisse h\u00f6herer Gewalt verursacht werden. Wir werden uns jedoch bem\u00fchen, den Verlust und die Auswirkungen f\u00fcr die Nutzer zu minimieren.<\/strong><\/p>\n\n\n\n<p><strong>5. Die Nutzer erkl\u00e4ren sich damit einverstanden, dass diese Website das Recht hat, die Netzwerkdienste jederzeit ganz oder teilweise zu \u00e4ndern, zu unterbrechen oder einzustellen. Wenn die \u00c4nderung, Unterbrechung oder Beendigung des Netzwerkdienstes f\u00fcr einen kostenlosen Dienst ist, sind wir nicht verpflichtet, Benutzer zu benachrichtigen und werden nicht verantwortlich gemacht werden, um einen Benutzer oder Dritte.<\/strong><\/p>\n\n\n\n<p><strong>6. Diese Website kann diesen Dienst jederzeit aus beliebigen Gr\u00fcnden \u00e4ndern oder bestimmte Funktionen entfernen. Wir k\u00f6nnen die Dienste f\u00fcr die Nutzer jederzeit k\u00fcndigen oder beenden. Unsere Entscheidung, Dienste zu stornieren oder zu beenden, bedarf keiner Rechtfertigung oder Benachrichtigung der Nutzer. Sobald der Dienst gek\u00fcndigt wird, erl\u00f6schen die Rechte der Nutzer zur Nutzung des Dienstes sofort. Alle von den Nutzern im Dienst gespeicherten Informationen k\u00f6nnen m\u00f6glicherweise nicht mehr wiederhergestellt werden, nachdem der Dienst gek\u00fcndigt oder beendet wurde.<\/strong><\/p>\n\n\n\n<p><strong>7. Diese Website \u00fcbernimmt keine Garantie (einschlie\u00dflich, aber nicht beschr\u00e4nkt auf):<\/strong><\/p>\n\n\n\n<ol class=\"wp-block-list\">\n<li>Die Eignung dieser Website f\u00fcr die Anforderungen des Nutzers;<\/li>\n\n\n\n<li>dass diese Website nicht unterbrochen wird, rechtzeitig, sicher, zuverl\u00e4ssig oder fehlerfrei ist, oder dass alle Produkte, Dienstleistungen oder andere Materialien, die der Benutzer \u00fcber diese Website erh\u00e4lt, seinen Erwartungen entsprechen;<\/li>\n\n\n\n<li>Der Nutzer tr\u00e4gt das Risiko der Nutzung von Materialien, die er \u00fcber diese Website herunterl\u00e4dt oder erh\u00e4lt; wenn eine solche Nutzung zu Systemsch\u00e4den oder Datenverlusten f\u00fchrt, ist der Nutzer f\u00fcr die Folgen voll verantwortlich.<\/li>\n<\/ol>\n\n\n\n<p><strong>8. Diese Website \u00fcbernimmt keine direkte oder indirekte Haftung f\u00fcr Gewinne, gesch\u00e4ftliches Ansehen, Datenverluste oder andere materielle oder immaterielle Sch\u00e4den, die durch die folgenden Gr\u00fcnde verursacht werden:<\/strong><\/p>\n\n\n\n<ol class=\"wp-block-list\">\n<li>Die Nutzung oder Unm\u00f6glichkeit der Nutzung dieser Website;<\/li>\n\n\n\n<li>Alle Produkte, Materialien oder Dienstleistungen, die \u00fcber diese Website gekauft oder bezogen werden;<\/li>\n\n\n\n<li>Unbefugte Nutzung oder \u00c4nderung von Benutzerdaten und andere Angelegenheiten im Zusammenhang mit dieser Website.<\/li>\n<\/ol>","protected":false},"excerpt":{"rendered":"<p>1. Due to the nature of online services, the websites linked to this site may expire or be deleted, leading to their re-registration by others. We do not make any statements or guarantees regarding the accuracy or reliability of the linked websites. Please carefully identify the websites you visit, and any risks are to be borne by you. 2. This site does not guarantee that the network serv &hellip;<\/p>","protected":false},"author":1,"featured_media":0,"parent":0,"menu_order":0,"comment_status":"closed","ping_status":"closed","template":"","meta":{"seo_description":"","seo_keywords":"","_glsr_average":0,"_glsr_ranking":0,"_glsr_reviews":0},"class_list":["post-1305","page","type-page","status-publish","hentry"],"_links":{"self":[{"href":"https:\/\/www.bestainav.com\/de\/wp-json\/wp\/v2\/pages\/1305","targetHints":{"allow":["GET"]}}],"collection":[{"href":"https:\/\/www.bestainav.com\/de\/wp-json\/wp\/v2\/pages"}],"about":[{"href":"https:\/\/www.bestainav.com\/de\/wp-json\/wp\/v2\/types\/page"}],"author":[{"embeddable":true,"href":"https:\/\/www.bestainav.com\/de\/wp-json\/wp\/v2\/users\/1"}],"replies":[{"embeddable":true,"href":"https:\/\/www.bestainav.com\/de\/wp-json\/wp\/v2\/comments?post=1305"}],"version-history":[{"count":0,"href":"https:\/\/www.bestainav.com\/de\/wp-json\/wp\/v2\/pages\/1305\/revisions"}],"wp:attachment":[{"href":"https:\/\/www.bestainav.com\/de\/wp-json\/wp\/v2\/media?parent=1305"}],"curies":[{"name":"wp","href":"https:\/\/api.w.org\/{rel}","templated":true}]}}