{"id":1871,"date":"2025-06-28T16:03:12","date_gmt":"2025-06-28T08:03:12","guid":{"rendered":"https:\/\/www.bestainav.com\/?page_id=1871"},"modified":"2025-07-11T19:05:17","modified_gmt":"2025-07-11T11:05:17","slug":"privatlivspolitik","status":"publish","type":"page","link":"https:\/\/www.bestainav.com\/da\/privatlivspolitik","title":{"rendered":"Politik for beskyttelse af personlige oplysninger"},"content":{"rendered":"<p>L\u00e6s venligst denne politik omhyggeligt, f\u00f8r du bruger dette websted. Ved at bruge dette websted accepterer du de vilk\u00e5r, der er beskrevet i denne privatlivspolitik.<\/p>\n\n\n\n<hr class=\"wp-block-separator has-alpha-channel-opacity\"\/>\n\n\n\n<h3 class=\"wp-block-heading\"><strong>1. Oplysninger, vi indsamler<\/strong><\/h3>\n\n\n\n<p>N\u00e5r du bes\u00f8ger eller bruger dette websted, kan vi indsamle f\u00f8lgende oplysninger:<\/p>\n\n\n\n<h4 class=\"wp-block-heading\">1.1 <strong>Ikke-personligt identificerbare oplysninger<\/strong><\/h4>\n\n\n\n<ul class=\"wp-block-list\">\n<li>Din enhedstype, browsertype, operativsystem, IP-adresse, adgangstid og bes\u00f8gte sider;<\/li>\n\n\n\n<li>Disse oplysninger bruges til analyse af websitetrafik og optimering af indhold.<\/li>\n<\/ul>\n\n\n\n<h4 class=\"wp-block-heading\">1.2 <strong>Frivilligt leverede oplysninger<\/strong><\/h4>\n\n\n\n<ul class=\"wp-block-list\">\n<li>N\u00e5r du indsender forslag, kommentarer, anbefaler AI-v\u00e6rkt\u00f8jer eller kontakter os via formularer, kan vi indsamle dit navn, din e-mail, dine kontaktoplysninger osv.<\/li>\n\n\n\n<li>Vi beder ikke aktivt om f\u00f8lsomme personlige oplysninger. Hvis du frivilligt giver s\u00e5danne oplysninger, betragtes det som dit samtykke.<\/li>\n<\/ul>\n\n\n\n<hr class=\"wp-block-separator has-alpha-channel-opacity\"\/>\n\n\n\n<h3 class=\"wp-block-heading\"><strong>2. Hvordan vi bruger oplysningerne<\/strong><\/h3>\n\n\n\n<p>Form\u00e5let med at indsamle disse oplysninger er at:<\/p>\n\n\n\n<ul class=\"wp-block-list\">\n<li>Forbedre kvaliteten af websitets indhold og brugeroplevelsen;<\/li>\n\n\n\n<li>Besvare dine anmodninger eller foresp\u00f8rgsler;<\/li>\n\n\n\n<li>Forhindrer uautoriseret brug eller ondsindede angreb;<\/li>\n\n\n\n<li>Analyser bes\u00f8gsdata og optimer hjemmesidens struktur og funktioner.<\/li>\n<\/ul>\n\n\n\n<p>Vi forpligter os til ikke at bruge dine oplysninger til andre form\u00e5l uden dit samtykke.<\/p>\n\n\n\n<hr class=\"wp-block-separator has-alpha-channel-opacity\"\/>\n\n\n\n<h3 class=\"wp-block-heading\"><strong>3. Cookies og tredjepartstjenester<\/strong><\/h3>\n\n\n\n<h4 class=\"wp-block-heading\">3.1 <strong>Brug af cookies<\/strong><\/h4>\n\n\n\n<p>Dette websted bruger cookies til at gemme brugerpr\u00e6ferencer, analysere trafikdata og fremskynde sidens indl\u00e6sningstid.<\/p>\n\n\n\n<p>Du kan sl\u00e5 cookies fra i dine browserindstillinger, men det kan p\u00e5virke funktionaliteten af visse funktioner.<\/p>\n\n\n\n<h4 class=\"wp-block-heading\">3.2 <strong>Tredjeparts tjenester<\/strong><\/h4>\n\n\n\n<p>Dette websted kan integrere tredjeparts tjenester som f.eks:<\/p>\n\n\n\n<ul class=\"wp-block-list\">\n<li>Statistik over websitetrafik (f.eks. Google Analytics);<\/li>\n\n\n\n<li>Indlejrede links til tredjepartsv\u00e6rkt\u00f8jer (f.eks. omdirigeringer til andre AI-v\u00e6rkt\u00f8jssider).<\/li>\n<\/ul>\n\n\n\n<p>Disse tjenesteudbydere kan indsamle oplysninger om din browseradf\u00e6rd. Vi er dog ikke ansvarlige for deres fortrolighedspraksis og anbefaler, at du gennemg\u00e5r deres respektive fortrolighedspolitikker.<\/p>\n\n\n\n<hr class=\"wp-block-separator has-alpha-channel-opacity\"\/>\n\n\n\n<h3 class=\"wp-block-heading\"><strong>4. Beskyttelse af oplysninger<\/strong><\/h3>\n\n\n\n<p>Vi tr\u00e6ffer rimelige tekniske og administrative foranstaltninger for at forhindre tab, misbrug, offentligg\u00f8relse eller uautoriseret adgang til brugeroplysninger.<\/p>\n\n\n\n<p>Du skal dog v\u00e6re opm\u00e6rksom p\u00e5, at ingen data, der overf\u00f8res via internettet, kan garanteres at v\u00e6re 100% sikre. Ved at bruge dette websted anerkender og accepterer du denne risiko.<\/p>\n\n\n\n<hr class=\"wp-block-separator has-alpha-channel-opacity\"\/>\n\n\n\n<h3 class=\"wp-block-heading\"><strong>5. Deling og videregivelse af oplysninger<\/strong><\/h3>\n\n\n\n<p>Vi s\u00e6lger, udlejer, deler eller videregiver ikke dine oplysninger til nogen uafh\u00e6ngige tredjeparter, medmindre:<\/p>\n\n\n\n<ul class=\"wp-block-list\">\n<li>Vi har f\u00e5et din udtrykkelige tilladelse;<\/li>\n\n\n\n<li>P\u00e5kr\u00e6vet ved lov eller regulering;<\/li>\n\n\n\n<li>For at beskytte dette websteds juridiske rettigheder eller andre brugeres rettigheder.<\/li>\n<\/ul>\n\n\n\n<hr class=\"wp-block-separator has-alpha-channel-opacity\"\/>\n\n\n\n<h3 class=\"wp-block-heading\"><strong>6. Vilk\u00e5r for mindre\u00e5rige<\/strong><\/h3>\n\n\n\n<p>Dette websted er prim\u00e6rt beregnet til brugere med fuld retsevne. Hvis du er under 18 \u00e5r, bedes du bruge denne tjeneste under vejledning af en v\u00e6rge.<\/p>\n\n\n\n<hr class=\"wp-block-separator has-alpha-channel-opacity\"\/>\n\n\n\n<h3 class=\"wp-block-heading\"><strong>7. Opdatering af privatlivspolitik<\/strong><\/h3>\n\n\n\n<p>Vi forbeholder os ret til at revidere denne privatlivspolitik, n\u00e5r det er n\u00f8dvendigt. Alt opdateret indhold vil blive lagt ud p\u00e5 denne side uden yderligere varsel. Vi anbefaler, at du tjekker denne side regelm\u00e6ssigt for at holde dig orienteret om vores seneste politikker.<\/p>\n\n\n\n<hr class=\"wp-block-separator has-alpha-channel-opacity\"\/>\n\n\n\n<h3 class=\"wp-block-heading\"><strong>8. Kontakt os<\/strong><\/h3>\n\n\n\n<p>Hvis du har sp\u00f8rgsm\u00e5l eller forslag vedr\u00f8rende denne privatlivspolitik, eller hvis du \u00f8nsker at slette dine personlige oplysninger, bedes du kontakte os p\u00e5 f\u00f8lgende m\u00e5de:<\/p>\n\n\n\n<p>E-mail: [din e-mail her].<\/p>\n\n\n\n<hr class=\"wp-block-separator has-alpha-channel-opacity\"\/>\n\n\n\n<p><strong>Sidst opdateret:<\/strong> 27. juni 2025<br>Tak for din tillid!<\/p>","protected":false},"excerpt":{"rendered":"<p>Please read this policy carefully before using this website. By using this website, you agree to the terms outlined in this Privacy Policy. 1. Information We Collect In the process of visiting or using this website, we may collect the following information: 1.1 Non-Personal Identifiable Information 1.2 Voluntarily Provided Information 2. How We Use the Information The purpose of collectin &hellip;<\/p>","protected":false},"author":1,"featured_media":0,"parent":0,"menu_order":0,"comment_status":"closed","ping_status":"closed","template":"","meta":{"_glsr_average":0,"_glsr_ranking":0,"_glsr_reviews":0},"class_list":["post-1871","page","type-page","status-publish","hentry"],"_links":{"self":[{"href":"https:\/\/www.bestainav.com\/da\/wp-json\/wp\/v2\/pages\/1871","targetHints":{"allow":["GET"]}}],"collection":[{"href":"https:\/\/www.bestainav.com\/da\/wp-json\/wp\/v2\/pages"}],"about":[{"href":"https:\/\/www.bestainav.com\/da\/wp-json\/wp\/v2\/types\/page"}],"author":[{"embeddable":true,"href":"https:\/\/www.bestainav.com\/da\/wp-json\/wp\/v2\/users\/1"}],"replies":[{"embeddable":true,"href":"https:\/\/www.bestainav.com\/da\/wp-json\/wp\/v2\/comments?post=1871"}],"version-history":[{"count":0,"href":"https:\/\/www.bestainav.com\/da\/wp-json\/wp\/v2\/pages\/1871\/revisions"}],"wp:attachment":[{"href":"https:\/\/www.bestainav.com\/da\/wp-json\/wp\/v2\/media?parent=1871"}],"curies":[{"name":"wp","href":"https:\/\/api.w.org\/{rel}","templated":true}]}}