{"id":1305,"date":"2025-06-04T17:03:06","date_gmt":"2025-06-04T09:03:06","guid":{"rendered":"https:\/\/www.bestainav.com\/?page_id=1305"},"modified":"2025-07-11T19:01:48","modified_gmt":"2025-07-11T11:01:48","slug":"ansvarsfraskrivelse","status":"publish","type":"page","link":"https:\/\/www.bestainav.com\/da\/ansvarsfraskrivelse","title":{"rendered":"Ansvarsfraskrivelse"},"content":{"rendered":"<p><strong>1. P\u00e5 grund af onlinetjenesternes natur kan de websteder, der er knyttet til dette websted, udl\u00f8be eller blive slettet, hvilket f\u00f8rer til, at andre registrerer dem igen. Vi frems\u00e6tter ingen erkl\u00e6ringer eller garantier vedr\u00f8rende n\u00f8jagtigheden eller p\u00e5lideligheden af de linkede websteder. Du bedes omhyggeligt identificere de websteder, du bes\u00f8ger, og eventuelle risici b\u00e6res af dig.<\/strong><\/p>\n\n\n\n<p><strong>2. Dette websted garanterer ikke, at netv\u00e6rkstjenesterne vil opfylde brugernes krav, og det garanterer heller ikke, at tjenesterne ikke vil blive afbrudt. Vi garanterer heller ikke netv\u00e6rkstjenesternes aktualitet, sikkerhed eller n\u00f8jagtighed.<\/strong><\/p>\n\n\n\n<p><strong>3. Dette websted garanterer ikke n\u00f8jagtigheden eller fuldst\u00e6ndigheden af eksterne links, der stilles til r\u00e5dighed for brugernes bekvemmelighed. Desuden har vi ikke noget ansvar for indholdet p\u00e5 websider, der er knyttet til disse eksterne links, som ikke er under vores kontrol.<\/strong><\/p>\n\n\n\n<p><strong>4. Dette websted er ikke ansvarligt for tab for\u00e5rsaget af fejl i telekommunikationssystemer, fejl i internetnetv\u00e6rk, computerfejl, virus, korruption eller tab af oplysninger, problemer med computersystemer eller andre force majeure-begivenheder. Vi vil dog bestr\u00e6be os p\u00e5 at minimere tabet og konsekvenserne for brugerne.<\/strong><\/p>\n\n\n\n<p><strong>5. Brugere accepterer, at dette websted har ret til at \u00e6ndre, afbryde eller afslutte en del af eller alle netv\u00e6rkstjenester til enhver tid. Hvis \u00e6ndringen, afbrydelsen eller oph\u00f8ret af netv\u00e6rkstjenesten er for en gratis tjeneste, er vi ikke forpligtet til at underrette brugerne og vil ikke blive holdt ansvarlige over for nogen bruger eller tredjepart.<\/strong><\/p>\n\n\n\n<p><strong>6. Dette websted kan til enhver tid \u00e6ndre denne tjeneste eller fjerne visse funktioner af en hvilken som helst grund. Vi kan til enhver tid annullere eller afslutte tjenester til brugere. Vores beslutning om at annullere eller afslutte tjenester kr\u00e6ver ikke begrundelse eller meddelelse til brugerne. N\u00e5r tjenesten er annulleret, oph\u00f8rer brugernes rettigheder til at bruge tjenesten med det samme. Eventuelle oplysninger, der er gemt af brugere i tjenesten, kan muligvis ikke gendannes, efter at tjenesten er annulleret eller afsluttet.<\/strong><\/p>\n\n\n\n<p><strong>7. Dette websted garanterer ikke (herunder, men ikke begr\u00e6nset til):<\/strong><\/p>\n\n\n\n<ol class=\"wp-block-list\">\n<li>Dette websteds egnethed i forhold til brugerens behov;<\/li>\n\n\n\n<li>At dette websted ikke vil blive afbrudt, vil v\u00e6re rettidigt, sikkert, p\u00e5lideligt eller fejlfrit; eller at eventuelle produkter, tjenester eller andet materiale, der opn\u00e5s af brugere via dette websted, vil opfylde deres forventninger;<\/li>\n\n\n\n<li>At brugerne b\u00e6rer risikoen for at bruge materialer, der er downloadet eller opn\u00e5et via dette websted; hvis en s\u00e5dan brug f\u00f8rer til systemskader eller datatab, er brugerne fuldt ud ansvarlige for konsekvenserne.<\/li>\n<\/ol>\n\n\n\n<p><strong>8. Dette websted p\u00e5tager sig ikke noget direkte eller indirekte ansvar for fortjeneste, forretningsomd\u00f8mme, datatab eller andre materielle eller immaterielle skader for\u00e5rsaget af f\u00f8lgende \u00e5rsager:<\/strong><\/p>\n\n\n\n<ol class=\"wp-block-list\">\n<li>Brugen af eller manglende evne til at bruge dette websted;<\/li>\n\n\n\n<li>Alle produkter, materialer eller tjenester, der er k\u00f8bt eller opn\u00e5et via dette websted;<\/li>\n\n\n\n<li>Uautoriseret brug eller \u00e6ndring af brugerdata; og andre forhold relateret til dette websted.<\/li>\n<\/ol>","protected":false},"excerpt":{"rendered":"<p>1. Due to the nature of online services, the websites linked to this site may expire or be deleted, leading to their re-registration by others. We do not make any statements or guarantees regarding the accuracy or reliability of the linked websites. Please carefully identify the websites you visit, and any risks are to be borne by you. 2. This site does not guarantee that the network serv &hellip;<\/p>","protected":false},"author":1,"featured_media":0,"parent":0,"menu_order":0,"comment_status":"closed","ping_status":"closed","template":"","meta":{"seo_description":"","seo_keywords":"","_glsr_average":0,"_glsr_ranking":0,"_glsr_reviews":0},"class_list":["post-1305","page","type-page","status-publish","hentry"],"_links":{"self":[{"href":"https:\/\/www.bestainav.com\/da\/wp-json\/wp\/v2\/pages\/1305","targetHints":{"allow":["GET"]}}],"collection":[{"href":"https:\/\/www.bestainav.com\/da\/wp-json\/wp\/v2\/pages"}],"about":[{"href":"https:\/\/www.bestainav.com\/da\/wp-json\/wp\/v2\/types\/page"}],"author":[{"embeddable":true,"href":"https:\/\/www.bestainav.com\/da\/wp-json\/wp\/v2\/users\/1"}],"replies":[{"embeddable":true,"href":"https:\/\/www.bestainav.com\/da\/wp-json\/wp\/v2\/comments?post=1305"}],"version-history":[{"count":0,"href":"https:\/\/www.bestainav.com\/da\/wp-json\/wp\/v2\/pages\/1305\/revisions"}],"wp:attachment":[{"href":"https:\/\/www.bestainav.com\/da\/wp-json\/wp\/v2\/media?parent=1305"}],"curies":[{"name":"wp","href":"https:\/\/api.w.org\/{rel}","templated":true}]}}